{"id":2,"date":"2008-12-11T22:41:01","date_gmt":"2008-12-11T21:41:01","guid":{"rendered":"http:\/\/www.softwarearchitektur.de\/?page_id=2"},"modified":"2008-12-11T23:33:20","modified_gmt":"2008-12-11T22:33:20","slug":"about","status":"publish","type":"page","link":"https:\/\/www.softwarearchitektur.de\/?page_id=2","title":{"rendered":"Impressum"},"content":{"rendered":"<p>Wolfgang Strunk<br \/>\nRungestra\u00dfe 9<br \/>\n81479 M\u00fcnchen<\/p>\n<p>Email: info@softwarearchitektur.de<\/p>\n<p>Inhaltlich verantwortlicher gem\u00e4\u00df \u00a7 10 Absatz 3 MDStV:<br \/>\nWolfgang Strunk (Anschrift siehe oben)<\/p>\n<p>Haftungshinweis:<br \/>\nTrotz sorgf\u00e4ltiger inhaltlicher Kontrolle \u00fcbernehme ich keine Haftung f\u00fcr die Inhalte externer Links. F\u00fcr den Inhalt der verlinkten Seiten sind ausschlie\u00dflich deren Betreiber verantwortlich.<\/p>\n","protected":false},"excerpt":{"rendered":"<p>Wolfgang Strunk Rungestra\u00dfe 9 81479 M\u00fcnchen Email: info@softwarearchitektur.de Inhaltlich verantwortlicher gem\u00e4\u00df \u00a7 10 Absatz 3 MDStV: Wolfgang Strunk (Anschrift siehe oben) Haftungshinweis: Trotz sorgf\u00e4ltiger inhaltlicher Kontrolle \u00fcbernehme ich keine Haftung f\u00fcr die Inhalte externer Links. F\u00fcr den Inhalt der verlinkten Seiten sind ausschlie\u00dflich deren Betreiber verantwortlich.<\/p>\n","protected":false},"author":2,"featured_media":0,"parent":0,"menu_order":0,"comment_status":"closed","ping_status":"closed","template":"","meta":{"ngg_post_thumbnail":0},"_links":{"self":[{"href":"https:\/\/www.softwarearchitektur.de\/index.php?rest_route=\/wp\/v2\/pages\/2"}],"collection":[{"href":"https:\/\/www.softwarearchitektur.de\/index.php?rest_route=\/wp\/v2\/pages"}],"about":[{"href":"https:\/\/www.softwarearchitektur.de\/index.php?rest_route=\/wp\/v2\/types\/page"}],"author":[{"embeddable":true,"href":"https:\/\/www.softwarearchitektur.de\/index.php?rest_route=\/wp\/v2\/users\/2"}],"replies":[{"embeddable":true,"href":"https:\/\/www.softwarearchitektur.de\/index.php?rest_route=%2Fwp%2Fv2%2Fcomments&post=2"}],"version-history":[{"count":3,"href":"https:\/\/www.softwarearchitektur.de\/index.php?rest_route=\/wp\/v2\/pages\/2\/revisions"}],"predecessor-version":[{"id":4,"href":"https:\/\/www.softwarearchitektur.de\/index.php?rest_route=\/wp\/v2\/pages\/2\/revisions\/4"}],"wp:attachment":[{"href":"https:\/\/www.softwarearchitektur.de\/index.php?rest_route=%2Fwp%2Fv2%2Fmedia&parent=2"}],"curies":[{"name":"wp","href":"https:\/\/api.w.org\/{rel}","templated":true}]}}